{"id":7550,"date":"2023-08-31T06:09:29","date_gmt":"2023-08-31T06:09:29","guid":{"rendered":"https:\/\/goon.com.mx\/?page_id=7550"},"modified":"2023-08-31T06:28:29","modified_gmt":"2023-08-31T06:28:29","slug":"soporte","status":"publish","type":"page","link":"https:\/\/goon.com.mx\/index.php\/soporte\/","title":{"rendered":"Soporte"},"content":{"rendered":"\t\t<div data-elementor-type=\"wp-page\" data-elementor-id=\"7550\" class=\"elementor elementor-7550\">\n\t\t\t\t\t\t\t\t\t<section class=\"elementor-section elementor-top-section elementor-element elementor-element-ef36812 elementor-section-boxed elementor-section-height-default elementor-section-height-default\" data-id=\"ef36812\" data-element_type=\"section\">\n\t\t\t\t\t\t<div class=\"elementor-container elementor-column-gap-default\">\n\t\t\t\t\t<div class=\"elementor-column elementor-col-100 elementor-top-column elementor-element elementor-element-2d7ae35\" data-id=\"2d7ae35\" data-element_type=\"column\">\n\t\t\t<div class=\"elementor-widget-wrap elementor-element-populated\">\n\t\t\t\t\t\t\t\t<div class=\"elementor-element elementor-element-33c833b elementor-widget elementor-widget-vc_custom_heading\" data-id=\"33c833b\" data-element_type=\"widget\" data-widget_type=\"vc_custom_heading.default\">\n\t\t\t\t<div class=\"elementor-widget-container\">\n\t\t\t<div class=\" vc_custom_heading  consulting_heading_font  text_align_left\" ><h2 style=\"text-align: left\" class=\"consulting-custom-title\">Soporte\n<\/h2><\/div>\t\t<\/div>\n\t\t\t\t<\/div>\n\t\t\t\t\t<\/div>\n\t\t<\/div>\n\t\t\t\t\t\t\t<\/div>\n\t\t<\/section>\n\t\t\t\t<section class=\"elementor-section elementor-top-section elementor-element elementor-element-c6f9af7 elementor-section-boxed elementor-section-height-default elementor-section-height-default\" data-id=\"c6f9af7\" data-element_type=\"section\">\n\t\t\t\t\t\t<div class=\"elementor-container elementor-column-gap-default\">\n\t\t\t\t\t<div class=\"elementor-column elementor-col-50 elementor-top-column elementor-element elementor-element-84ae76e\" data-id=\"84ae76e\" data-element_type=\"column\">\n\t\t\t<div class=\"elementor-widget-wrap elementor-element-populated\">\n\t\t\t\t\t\t\t\t<div class=\"elementor-element elementor-element-c2ec5dd elementor-widget elementor-widget-text-editor\" data-id=\"c2ec5dd\" data-element_type=\"widget\" data-widget_type=\"text-editor.default\">\n\t\t\t\t<div class=\"elementor-widget-container\">\n\t\t\t<style>\/*! elementor - v3.16.0 - 14-09-2023 *\/\n.elementor-widget-text-editor.elementor-drop-cap-view-stacked .elementor-drop-cap{background-color:#69727d;color:#fff}.elementor-widget-text-editor.elementor-drop-cap-view-framed .elementor-drop-cap{color:#69727d;border:3px solid;background-color:transparent}.elementor-widget-text-editor:not(.elementor-drop-cap-view-default) .elementor-drop-cap{margin-top:8px}.elementor-widget-text-editor:not(.elementor-drop-cap-view-default) .elementor-drop-cap-letter{width:1em;height:1em}.elementor-widget-text-editor .elementor-drop-cap{float:left;text-align:center;line-height:1;font-size:50px}.elementor-widget-text-editor .elementor-drop-cap-letter{display:inline-block}<\/style>\t\t\t\t<p>Contamos con un sitio de soporte para mejor control de los tickets de soporte. Si deseas crear alg\u00fan ticket o resolver cualquier inquietud, por favor accede a nuestro portal.<\/p>\n\t\t\t\t\t\t<\/div>\n\t\t\t\t<\/div>\n\t\t\t\t<div class=\"elementor-element elementor-element-a1f322a elementor-widget elementor-widget-button\" data-id=\"a1f322a\" data-element_type=\"widget\" data-widget_type=\"button.default\">\n\t\t\t\t<div class=\"elementor-widget-container\">\n\t\t\t\t\t<div class=\"elementor-button-wrapper icon_align_left  \">\n\t\t\t<a class=\"elementor-button elementor-button-link elementor-size-sm\" href=\"https:\/\/decmanagerhelp.freshdesk.com\/support\/home\" target=\"_blank\">\n\t\t\t\t\t\t<span class=\"elementor-button-content-wrapper\">\n\t\t\t\t\t\t<span class=\"elementor-button-icon elementor-align-icon-left\">\n\t\t\t\t<i aria-hidden=\"true\" class=\"fas fa-hands-helping\"><\/i>\t\t\t<\/span>\n\t\t\t\t\t\t<span class=\"elementor-button-text\">Ir ahora<\/span>\n\t\t<\/span>\n\t\t\t\t\t<\/a>\n\t\t<\/div>\n\t\t\t\t<\/div>\n\t\t\t\t<\/div>\n\t\t\t\t\t<\/div>\n\t\t<\/div>\n\t\t\t\t<div class=\"elementor-column elementor-col-50 elementor-top-column elementor-element elementor-element-b3aad06\" data-id=\"b3aad06\" data-element_type=\"column\">\n\t\t\t<div class=\"elementor-widget-wrap elementor-element-populated\">\n\t\t\t\t\t\t\t\t<div class=\"elementor-element elementor-element-f634499 elementor-widget elementor-widget-image\" data-id=\"f634499\" data-element_type=\"widget\" data-widget_type=\"image.default\">\n\t\t\t\t<div class=\"elementor-widget-container\">\n\t\t\t<style>\/*! elementor - v3.16.0 - 14-09-2023 *\/\n.elementor-widget-image{text-align:center}.elementor-widget-image a{display:inline-block}.elementor-widget-image a img[src$=\".svg\"]{width:48px}.elementor-widget-image img{vertical-align:middle;display:inline-block}<\/style>\t\t\t\t\t\t\t\t\t\t\t\t<img loading=\"lazy\" decoding=\"async\" width=\"300\" height=\"257\" src=\"https:\/\/goon.com.mx\/wp-content\/uploads\/2023\/08\/Soporte-300x257.png\" class=\"attachment-medium size-medium wp-image-7553\" alt=\"\" srcset=\"https:\/\/goon.com.mx\/wp-content\/uploads\/2023\/08\/Soporte-300x257.png 300w, https:\/\/goon.com.mx\/wp-content\/uploads\/2023\/08\/Soporte-1024x877.png 1024w, https:\/\/goon.com.mx\/wp-content\/uploads\/2023\/08\/Soporte-768x658.png 768w, https:\/\/goon.com.mx\/wp-content\/uploads\/2023\/08\/Soporte-1536x1315.png 1536w, https:\/\/goon.com.mx\/wp-content\/uploads\/2023\/08\/Soporte-2048x1753.png 2048w, https:\/\/goon.com.mx\/wp-content\/uploads\/2023\/08\/Soporte-900x771.png 900w, https:\/\/goon.com.mx\/wp-content\/uploads\/2023\/08\/Soporte-600x514.png 600w\" sizes=\"auto, (max-width: 300px) 100vw, 300px\" \/>\t\t\t\t\t\t\t\t\t\t\t\t\t\t\t<\/div>\n\t\t\t\t<\/div>\n\t\t\t\t\t<\/div>\n\t\t<\/div>\n\t\t\t\t\t\t\t<\/div>\n\t\t<\/section>\n\t\t\t\t<section class=\"elementor-section elementor-top-section elementor-element elementor-element-fa1c79a elementor-section-boxed elementor-section-height-default elementor-section-height-default\" data-id=\"fa1c79a\" data-element_type=\"section\">\n\t\t\t\t\t\t<div class=\"elementor-container elementor-column-gap-default\">\n\t\t\t\t\t<div class=\"elementor-column elementor-col-100 elementor-top-column elementor-element elementor-element-888bac4\" data-id=\"888bac4\" data-element_type=\"column\">\n\t\t\t<div class=\"elementor-widget-wrap elementor-element-populated\">\n\t\t\t\t\t\t\t\t<div class=\"elementor-element elementor-element-449ef78 elementor-widget elementor-widget-spacer\" data-id=\"449ef78\" data-element_type=\"widget\" data-widget_type=\"spacer.default\">\n\t\t\t\t<div class=\"elementor-widget-container\">\n\t\t\t<style>\/*! elementor - v3.16.0 - 14-09-2023 *\/\n.elementor-column .elementor-spacer-inner{height:var(--spacer-size)}.e-con{--container-widget-width:100%}.e-con-inner>.elementor-widget-spacer,.e-con>.elementor-widget-spacer{width:var(--container-widget-width,var(--spacer-size));--align-self:var(--container-widget-align-self,initial);--flex-shrink:0}.e-con-inner>.elementor-widget-spacer>.elementor-widget-container,.e-con>.elementor-widget-spacer>.elementor-widget-container{height:100%;width:100%}.e-con-inner>.elementor-widget-spacer>.elementor-widget-container>.elementor-spacer,.e-con>.elementor-widget-spacer>.elementor-widget-container>.elementor-spacer{height:100%}.e-con-inner>.elementor-widget-spacer>.elementor-widget-container>.elementor-spacer>.elementor-spacer-inner,.e-con>.elementor-widget-spacer>.elementor-widget-container>.elementor-spacer>.elementor-spacer-inner{height:var(--container-widget-height,var(--spacer-size))}.e-con-inner>.elementor-widget-spacer.elementor-widget-empty,.e-con>.elementor-widget-spacer.elementor-widget-empty{position:relative;min-height:22px;min-width:22px}.e-con-inner>.elementor-widget-spacer.elementor-widget-empty .elementor-widget-empty-icon,.e-con>.elementor-widget-spacer.elementor-widget-empty .elementor-widget-empty-icon{position:absolute;top:0;bottom:0;left:0;right:0;margin:auto;padding:0;width:22px;height:22px}<\/style>\t\t<div class=\"elementor-spacer\">\n\t\t\t<div class=\"elementor-spacer-inner\"><\/div>\n\t\t<\/div>\n\t\t\t\t<\/div>\n\t\t\t\t<\/div>\n\t\t\t\t\t<\/div>\n\t\t<\/div>\n\t\t\t\t\t\t\t<\/div>\n\t\t<\/section>\n\t\t\t\t<section class=\"elementor-section elementor-top-section elementor-element elementor-element-95d3912 elementor-section-boxed elementor-section-height-default elementor-section-height-default\" data-id=\"95d3912\" data-element_type=\"section\">\n\t\t\t\t\t\t<div class=\"elementor-container elementor-column-gap-default\">\n\t\t\t\t\t<div class=\"elementor-column elementor-col-100 elementor-top-column elementor-element elementor-element-8fb838f\" data-id=\"8fb838f\" data-element_type=\"column\">\n\t\t\t<div class=\"elementor-widget-wrap elementor-element-populated\">\n\t\t\t\t\t\t\t\t<div class=\"elementor-element elementor-element-5276d94 elementor-widget elementor-widget-vc_custom_heading\" data-id=\"5276d94\" data-element_type=\"widget\" data-widget_type=\"vc_custom_heading.default\">\n\t\t\t\t<div class=\"elementor-widget-container\">\n\t\t\t<div class=\" vc_custom_heading  consulting_heading_font  text_align_left\" ><h2 style=\"text-align: left\" class=\"consulting-custom-title\">Entrenamiento\n<\/h2><\/div>\t\t<\/div>\n\t\t\t\t<\/div>\n\t\t\t\t\t<\/div>\n\t\t<\/div>\n\t\t\t\t\t\t\t<\/div>\n\t\t<\/section>\n\t\t\t\t<section class=\"elementor-section elementor-top-section elementor-element elementor-element-2394010 elementor-section-boxed elementor-section-height-default elementor-section-height-default\" data-id=\"2394010\" data-element_type=\"section\">\n\t\t\t\t\t\t<div class=\"elementor-container elementor-column-gap-default\">\n\t\t\t\t\t<div class=\"elementor-column elementor-col-50 elementor-top-column elementor-element elementor-element-3fc054c\" data-id=\"3fc054c\" data-element_type=\"column\">\n\t\t\t<div class=\"elementor-widget-wrap elementor-element-populated\">\n\t\t\t\t\t\t\t\t<div class=\"elementor-element elementor-element-b537761 elementor-widget elementor-widget-image\" data-id=\"b537761\" data-element_type=\"widget\" data-widget_type=\"image.default\">\n\t\t\t\t<div class=\"elementor-widget-container\">\n\t\t\t\t\t\t\t\t\t\t\t\t\t\t\t<img loading=\"lazy\" decoding=\"async\" width=\"300\" height=\"256\" src=\"https:\/\/goon.com.mx\/wp-content\/uploads\/2023\/08\/Entrenamiento-300x256.png\" class=\"attachment-medium size-medium wp-image-7554\" alt=\"\" srcset=\"https:\/\/goon.com.mx\/wp-content\/uploads\/2023\/08\/Entrenamiento-300x256.png 300w, https:\/\/goon.com.mx\/wp-content\/uploads\/2023\/08\/Entrenamiento-1024x874.png 1024w, https:\/\/goon.com.mx\/wp-content\/uploads\/2023\/08\/Entrenamiento-768x655.png 768w, https:\/\/goon.com.mx\/wp-content\/uploads\/2023\/08\/Entrenamiento-1536x1311.png 1536w, https:\/\/goon.com.mx\/wp-content\/uploads\/2023\/08\/Entrenamiento-2048x1748.png 2048w, https:\/\/goon.com.mx\/wp-content\/uploads\/2023\/08\/Entrenamiento-900x768.png 900w, https:\/\/goon.com.mx\/wp-content\/uploads\/2023\/08\/Entrenamiento-600x512.png 600w\" sizes=\"auto, (max-width: 300px) 100vw, 300px\" \/>\t\t\t\t\t\t\t\t\t\t\t\t\t\t\t<\/div>\n\t\t\t\t<\/div>\n\t\t\t\t\t<\/div>\n\t\t<\/div>\n\t\t\t\t<div class=\"elementor-column elementor-col-50 elementor-top-column elementor-element elementor-element-2f0b574\" data-id=\"2f0b574\" data-element_type=\"column\">\n\t\t\t<div class=\"elementor-widget-wrap elementor-element-populated\">\n\t\t\t\t\t\t\t\t<div class=\"elementor-element elementor-element-2573abf elementor-widget elementor-widget-text-editor\" data-id=\"2573abf\" data-element_type=\"widget\" data-widget_type=\"text-editor.default\">\n\t\t\t\t<div class=\"elementor-widget-container\">\n\t\t\t\t\t\t\t<p>Visita nuestro sitio de entrenamiento. Ah\u00ed encontrar\u00e1s informaci\u00f3n muy valiosa para el uso de nuestro ERP. Encontrar\u00e1s manuales, cursos en l\u00edneas y mucho m\u00e1s.<\/p>\n<p>No esperes m\u00e1s y visita nuestro portal.<\/p>\n\t\t\t\t\t\t<\/div>\n\t\t\t\t<\/div>\n\t\t\t\t<div class=\"elementor-element elementor-element-a043b9b elementor-widget elementor-widget-button\" data-id=\"a043b9b\" data-element_type=\"widget\" data-widget_type=\"button.default\">\n\t\t\t\t<div class=\"elementor-widget-container\">\n\t\t\t\t\t<div class=\"elementor-button-wrapper icon_align_left  \">\n\t\t\t<a class=\"elementor-button elementor-button-link elementor-size-sm\" href=\"http:\/\/20.55.59.114\/DM_Entrenamiento\/\" target=\"_blank\">\n\t\t\t\t\t\t<span class=\"elementor-button-content-wrapper\">\n\t\t\t\t\t\t<span class=\"elementor-button-icon elementor-align-icon-left\">\n\t\t\t\t<i aria-hidden=\"true\" class=\"fas fa-graduation-cap\"><\/i>\t\t\t<\/span>\n\t\t\t\t\t\t<span class=\"elementor-button-text\">Ir ahora<\/span>\n\t\t<\/span>\n\t\t\t\t\t<\/a>\n\t\t<\/div>\n\t\t\t\t<\/div>\n\t\t\t\t<\/div>\n\t\t\t\t\t<\/div>\n\t\t<\/div>\n\t\t\t\t\t\t\t<\/div>\n\t\t<\/section>\n\t\t\t\t\t\t\t<\/div>\n\t\t","protected":false},"excerpt":{"rendered":"<p>Soporte Contamos con un sitio de soporte para mejor control de los tickets de soporte. Si deseas crear alg\u00fan ticket o resolver cualquier inquietud, por favor accede a nuestro portal. Ir ahora Entrenamiento Visita nuestro sitio de entrenamiento. Ah\u00ed encontrar\u00e1s informaci\u00f3n muy valiosa para el uso de nuestro ERP. Encontrar\u00e1s manuales, cursos en l\u00edneas y<\/p>\n","protected":false},"author":1,"featured_media":0,"parent":0,"menu_order":0,"comment_status":"closed","ping_status":"closed","template":"","meta":{"footnotes":""},"class_list":["post-7550","page","type-page","status-publish","hentry"],"yoast_head":"<!-- This site is optimized with the Yoast SEO plugin v22.1 - https:\/\/yoast.com\/wordpress\/plugins\/seo\/ -->\n<title>Soporte - GO-ON<\/title>\n<meta name=\"robots\" content=\"index, follow, max-snippet:-1, max-image-preview:large, max-video-preview:-1\" \/>\n<link rel=\"canonical\" href=\"https:\/\/goon.com.mx\/index.php\/soporte\/\" \/>\n<meta property=\"og:locale\" content=\"es_MX\" \/>\n<meta property=\"og:type\" content=\"article\" \/>\n<meta property=\"og:title\" content=\"Soporte - GO-ON\" \/>\n<meta property=\"og:description\" content=\"Soporte Contamos con un sitio de soporte para mejor control de los tickets de soporte. Si deseas crear alg\u00fan ticket o resolver cualquier inquietud, por favor accede a nuestro portal. Ir ahora Entrenamiento Visita nuestro sitio de entrenamiento. Ah\u00ed encontrar\u00e1s informaci\u00f3n muy valiosa para el uso de nuestro ERP. Encontrar\u00e1s manuales, cursos en l\u00edneas y\" \/>\n<meta property=\"og:url\" content=\"https:\/\/goon.com.mx\/index.php\/soporte\/\" \/>\n<meta property=\"og:site_name\" content=\"GO-ON\" \/>\n<meta property=\"article:publisher\" content=\"https:\/\/www.facebook.com\/profile.php?id=61553993902053\" \/>\n<meta property=\"article:modified_time\" content=\"2023-08-31T06:28:29+00:00\" \/>\n<meta property=\"og:image\" content=\"https:\/\/goon.com.mx\/wp-content\/uploads\/2023\/08\/Soporte-300x257.png\" \/>\n<meta name=\"twitter:card\" content=\"summary_large_image\" \/>\n<script type=\"application\/ld+json\" class=\"yoast-schema-graph\">{\"@context\":\"https:\/\/schema.org\",\"@graph\":[{\"@type\":\"WebPage\",\"@id\":\"https:\/\/goon.com.mx\/index.php\/soporte\/\",\"url\":\"https:\/\/goon.com.mx\/index.php\/soporte\/\",\"name\":\"Soporte - GO-ON\",\"isPartOf\":{\"@id\":\"https:\/\/goon.com.mx\/#website\"},\"datePublished\":\"2023-08-31T06:09:29+00:00\",\"dateModified\":\"2023-08-31T06:28:29+00:00\",\"breadcrumb\":{\"@id\":\"https:\/\/goon.com.mx\/index.php\/soporte\/#breadcrumb\"},\"inLanguage\":\"es\",\"potentialAction\":[{\"@type\":\"ReadAction\",\"target\":[\"https:\/\/goon.com.mx\/index.php\/soporte\/\"]}]},{\"@type\":\"BreadcrumbList\",\"@id\":\"https:\/\/goon.com.mx\/index.php\/soporte\/#breadcrumb\",\"itemListElement\":[{\"@type\":\"ListItem\",\"position\":1,\"name\":\"Inicio\",\"item\":\"https:\/\/goon.com.mx\/\"},{\"@type\":\"ListItem\",\"position\":2,\"name\":\"Soporte\"}]},{\"@type\":\"WebSite\",\"@id\":\"https:\/\/goon.com.mx\/#website\",\"url\":\"https:\/\/goon.com.mx\/\",\"name\":\"GO-ON\",\"description\":\"ERP y tecnolog\u00eda al alcance de todos\",\"publisher\":{\"@id\":\"https:\/\/goon.com.mx\/#organization\"},\"alternateName\":\"GO-ON\",\"potentialAction\":[{\"@type\":\"SearchAction\",\"target\":{\"@type\":\"EntryPoint\",\"urlTemplate\":\"https:\/\/goon.com.mx\/?s={search_term_string}\"},\"query-input\":\"required name=search_term_string\"}],\"inLanguage\":\"es\"},{\"@type\":\"Organization\",\"@id\":\"https:\/\/goon.com.mx\/#organization\",\"name\":\"GO-ON Soluciones\",\"alternateName\":\"GO-ON\",\"url\":\"https:\/\/goon.com.mx\/\",\"logo\":{\"@type\":\"ImageObject\",\"inLanguage\":\"es\",\"@id\":\"https:\/\/goon.com.mx\/#\/schema\/logo\/image\/\",\"url\":\"\",\"contentUrl\":\"\",\"caption\":\"GO-ON Soluciones\"},\"image\":{\"@id\":\"https:\/\/goon.com.mx\/#\/schema\/logo\/image\/\"},\"sameAs\":[\"https:\/\/www.facebook.com\/profile.php?id=61553993902053\",\"https:\/\/www.linkedin.com\/company\/90404358\/admin\/feed\/posts\/\"]}]}<\/script>\n<!-- \/ Yoast SEO plugin. -->","yoast_head_json":{"title":"Soporte - GO-ON","robots":{"index":"index","follow":"follow","max-snippet":"max-snippet:-1","max-image-preview":"max-image-preview:large","max-video-preview":"max-video-preview:-1"},"canonical":"https:\/\/goon.com.mx\/index.php\/soporte\/","og_locale":"es_MX","og_type":"article","og_title":"Soporte - GO-ON","og_description":"Soporte Contamos con un sitio de soporte para mejor control de los tickets de soporte. Si deseas crear alg\u00fan ticket o resolver cualquier inquietud, por favor accede a nuestro portal. Ir ahora Entrenamiento Visita nuestro sitio de entrenamiento. Ah\u00ed encontrar\u00e1s informaci\u00f3n muy valiosa para el uso de nuestro ERP. Encontrar\u00e1s manuales, cursos en l\u00edneas y","og_url":"https:\/\/goon.com.mx\/index.php\/soporte\/","og_site_name":"GO-ON","article_publisher":"https:\/\/www.facebook.com\/profile.php?id=61553993902053","article_modified_time":"2023-08-31T06:28:29+00:00","og_image":[{"url":"https:\/\/goon.com.mx\/wp-content\/uploads\/2023\/08\/Soporte-300x257.png"}],"twitter_card":"summary_large_image","schema":{"@context":"https:\/\/schema.org","@graph":[{"@type":"WebPage","@id":"https:\/\/goon.com.mx\/index.php\/soporte\/","url":"https:\/\/goon.com.mx\/index.php\/soporte\/","name":"Soporte - GO-ON","isPartOf":{"@id":"https:\/\/goon.com.mx\/#website"},"datePublished":"2023-08-31T06:09:29+00:00","dateModified":"2023-08-31T06:28:29+00:00","breadcrumb":{"@id":"https:\/\/goon.com.mx\/index.php\/soporte\/#breadcrumb"},"inLanguage":"es","potentialAction":[{"@type":"ReadAction","target":["https:\/\/goon.com.mx\/index.php\/soporte\/"]}]},{"@type":"BreadcrumbList","@id":"https:\/\/goon.com.mx\/index.php\/soporte\/#breadcrumb","itemListElement":[{"@type":"ListItem","position":1,"name":"Inicio","item":"https:\/\/goon.com.mx\/"},{"@type":"ListItem","position":2,"name":"Soporte"}]},{"@type":"WebSite","@id":"https:\/\/goon.com.mx\/#website","url":"https:\/\/goon.com.mx\/","name":"GO-ON","description":"ERP y tecnolog\u00eda al alcance de todos","publisher":{"@id":"https:\/\/goon.com.mx\/#organization"},"alternateName":"GO-ON","potentialAction":[{"@type":"SearchAction","target":{"@type":"EntryPoint","urlTemplate":"https:\/\/goon.com.mx\/?s={search_term_string}"},"query-input":"required name=search_term_string"}],"inLanguage":"es"},{"@type":"Organization","@id":"https:\/\/goon.com.mx\/#organization","name":"GO-ON Soluciones","alternateName":"GO-ON","url":"https:\/\/goon.com.mx\/","logo":{"@type":"ImageObject","inLanguage":"es","@id":"https:\/\/goon.com.mx\/#\/schema\/logo\/image\/","url":"","contentUrl":"","caption":"GO-ON Soluciones"},"image":{"@id":"https:\/\/goon.com.mx\/#\/schema\/logo\/image\/"},"sameAs":["https:\/\/www.facebook.com\/profile.php?id=61553993902053","https:\/\/www.linkedin.com\/company\/90404358\/admin\/feed\/posts\/"]}]}},"_links":{"self":[{"href":"https:\/\/goon.com.mx\/index.php\/wp-json\/wp\/v2\/pages\/7550","targetHints":{"allow":["GET"]}}],"collection":[{"href":"https:\/\/goon.com.mx\/index.php\/wp-json\/wp\/v2\/pages"}],"about":[{"href":"https:\/\/goon.com.mx\/index.php\/wp-json\/wp\/v2\/types\/page"}],"author":[{"embeddable":true,"href":"https:\/\/goon.com.mx\/index.php\/wp-json\/wp\/v2\/users\/1"}],"replies":[{"embeddable":true,"href":"https:\/\/goon.com.mx\/index.php\/wp-json\/wp\/v2\/comments?post=7550"}],"version-history":[{"count":7,"href":"https:\/\/goon.com.mx\/index.php\/wp-json\/wp\/v2\/pages\/7550\/revisions"}],"predecessor-version":[{"id":7561,"href":"https:\/\/goon.com.mx\/index.php\/wp-json\/wp\/v2\/pages\/7550\/revisions\/7561"}],"wp:attachment":[{"href":"https:\/\/goon.com.mx\/index.php\/wp-json\/wp\/v2\/media?parent=7550"}],"curies":[{"name":"wp","href":"https:\/\/api.w.org\/{rel}","templated":true}]}}