{"id":7400,"date":"2023-08-28T20:48:27","date_gmt":"2023-08-28T20:48:27","guid":{"rendered":"https:\/\/goon.com.mx\/?page_id=7400"},"modified":"2023-08-28T21:26:43","modified_gmt":"2023-08-28T21:26:43","slug":"brochure-erp","status":"publish","type":"page","link":"https:\/\/goon.com.mx\/index.php\/brochure-erp\/","title":{"rendered":"Descarga de nuestro brochure de ERP"},"content":{"rendered":"\t\t<div data-elementor-type=\"wp-page\" data-elementor-id=\"7400\" class=\"elementor elementor-7400\">\n\t\t\t\t\t\t\t\t\t<section class=\"elementor-section elementor-top-section elementor-element elementor-element-2a381a6 elementor-section-boxed elementor-section-height-default elementor-section-height-default\" data-id=\"2a381a6\" data-element_type=\"section\">\n\t\t\t\t\t\t<div class=\"elementor-container elementor-column-gap-default\">\n\t\t\t\t\t<div class=\"elementor-column elementor-col-100 elementor-top-column elementor-element elementor-element-07ed1dd\" data-id=\"07ed1dd\" data-element_type=\"column\">\n\t\t\t<div class=\"elementor-widget-wrap elementor-element-populated\">\n\t\t\t\t\t\t\t\t<div class=\"elementor-element elementor-element-359e202 elementor-widget elementor-widget-heading\" data-id=\"359e202\" data-element_type=\"widget\" data-widget_type=\"heading.default\">\n\t\t\t\t<div class=\"elementor-widget-container\">\n\t\t\t<style>\/*! elementor - v3.16.0 - 14-09-2023 *\/\n.elementor-heading-title{padding:0;margin:0;line-height:1}.elementor-widget-heading .elementor-heading-title[class*=elementor-size-]>a{color:inherit;font-size:inherit;line-height:inherit}.elementor-widget-heading .elementor-heading-title.elementor-size-small{font-size:15px}.elementor-widget-heading .elementor-heading-title.elementor-size-medium{font-size:19px}.elementor-widget-heading .elementor-heading-title.elementor-size-large{font-size:29px}.elementor-widget-heading .elementor-heading-title.elementor-size-xl{font-size:39px}.elementor-widget-heading .elementor-heading-title.elementor-size-xxl{font-size:59px}<\/style><h2 class=\"elementor-heading-title elementor-size-default\">Gracias por tu inter\u00e9s en descargar nuestro folleto.<\/h2>\t\t<\/div>\n\t\t\t\t<\/div>\n\t\t\t\t\t<\/div>\n\t\t<\/div>\n\t\t\t\t\t\t\t<\/div>\n\t\t<\/section>\n\t\t\t\t<section class=\"elementor-section elementor-top-section elementor-element elementor-element-cfc4a61 elementor-section-boxed elementor-section-height-default elementor-section-height-default\" data-id=\"cfc4a61\" data-element_type=\"section\">\n\t\t\t\t\t\t<div class=\"elementor-container elementor-column-gap-default\">\n\t\t\t\t\t<div class=\"elementor-column elementor-col-100 elementor-top-column elementor-element elementor-element-2de95d1\" data-id=\"2de95d1\" data-element_type=\"column\">\n\t\t\t<div class=\"elementor-widget-wrap elementor-element-populated\">\n\t\t\t\t\t\t\t\t<div class=\"elementor-element elementor-element-390b66f elementor-widget elementor-widget-text-editor\" data-id=\"390b66f\" data-element_type=\"widget\" data-widget_type=\"text-editor.default\">\n\t\t\t\t<div class=\"elementor-widget-container\">\n\t\t\t<style>\/*! elementor - v3.16.0 - 14-09-2023 *\/\n.elementor-widget-text-editor.elementor-drop-cap-view-stacked .elementor-drop-cap{background-color:#69727d;color:#fff}.elementor-widget-text-editor.elementor-drop-cap-view-framed .elementor-drop-cap{color:#69727d;border:3px solid;background-color:transparent}.elementor-widget-text-editor:not(.elementor-drop-cap-view-default) .elementor-drop-cap{margin-top:8px}.elementor-widget-text-editor:not(.elementor-drop-cap-view-default) .elementor-drop-cap-letter{width:1em;height:1em}.elementor-widget-text-editor .elementor-drop-cap{float:left;text-align:center;line-height:1;font-size:50px}.elementor-widget-text-editor .elementor-drop-cap-letter{display:inline-block}<\/style>\t\t\t\t<p>Por favor ay\u00fadanos proporcion\u00e1ndonos tus datos e inmediatamente despu\u00e9s comenzar\u00e1 la descarga.<\/p>\n\t\t\t\t\t\t<\/div>\n\t\t\t\t<\/div>\n\t\t\t\t\t<\/div>\n\t\t<\/div>\n\t\t\t\t\t\t\t<\/div>\n\t\t<\/section>\n\t\t\t\t<section class=\"elementor-section elementor-top-section elementor-element elementor-element-b709500 elementor-section-boxed elementor-section-height-default elementor-section-height-default\" data-id=\"b709500\" data-element_type=\"section\">\n\t\t\t\t\t\t<div class=\"elementor-container elementor-column-gap-default\">\n\t\t\t\t\t<div class=\"elementor-column elementor-col-100 elementor-top-column elementor-element elementor-element-1ff0921\" data-id=\"1ff0921\" data-element_type=\"column\">\n\t\t\t<div class=\"elementor-widget-wrap elementor-element-populated\">\n\t\t\t\t\t\t\t\t<div class=\"elementor-element elementor-element-f81b6ae elementor-widget elementor-widget-spacer\" data-id=\"f81b6ae\" data-element_type=\"widget\" data-widget_type=\"spacer.default\">\n\t\t\t\t<div class=\"elementor-widget-container\">\n\t\t\t<style>\/*! elementor - v3.16.0 - 14-09-2023 *\/\n.elementor-column .elementor-spacer-inner{height:var(--spacer-size)}.e-con{--container-widget-width:100%}.e-con-inner>.elementor-widget-spacer,.e-con>.elementor-widget-spacer{width:var(--container-widget-width,var(--spacer-size));--align-self:var(--container-widget-align-self,initial);--flex-shrink:0}.e-con-inner>.elementor-widget-spacer>.elementor-widget-container,.e-con>.elementor-widget-spacer>.elementor-widget-container{height:100%;width:100%}.e-con-inner>.elementor-widget-spacer>.elementor-widget-container>.elementor-spacer,.e-con>.elementor-widget-spacer>.elementor-widget-container>.elementor-spacer{height:100%}.e-con-inner>.elementor-widget-spacer>.elementor-widget-container>.elementor-spacer>.elementor-spacer-inner,.e-con>.elementor-widget-spacer>.elementor-widget-container>.elementor-spacer>.elementor-spacer-inner{height:var(--container-widget-height,var(--spacer-size))}.e-con-inner>.elementor-widget-spacer.elementor-widget-empty,.e-con>.elementor-widget-spacer.elementor-widget-empty{position:relative;min-height:22px;min-width:22px}.e-con-inner>.elementor-widget-spacer.elementor-widget-empty .elementor-widget-empty-icon,.e-con>.elementor-widget-spacer.elementor-widget-empty .elementor-widget-empty-icon{position:absolute;top:0;bottom:0;left:0;right:0;margin:auto;padding:0;width:22px;height:22px}<\/style>\t\t<div class=\"elementor-spacer\">\n\t\t\t<div class=\"elementor-spacer-inner\"><\/div>\n\t\t<\/div>\n\t\t\t\t<\/div>\n\t\t\t\t<\/div>\n\t\t\t\t\t<\/div>\n\t\t<\/div>\n\t\t\t\t\t\t\t<\/div>\n\t\t<\/section>\n\t\t\t\t<section class=\"elementor-section elementor-top-section elementor-element elementor-element-63a2f2e elementor-section-boxed elementor-section-height-default elementor-section-height-default\" data-id=\"63a2f2e\" data-element_type=\"section\">\n\t\t\t\t\t\t<div class=\"elementor-container elementor-column-gap-default\">\n\t\t\t\t\t<div class=\"elementor-column elementor-col-50 elementor-top-column elementor-element elementor-element-5feca21\" data-id=\"5feca21\" data-element_type=\"column\">\n\t\t\t<div class=\"elementor-widget-wrap elementor-element-populated\">\n\t\t\t\t\t\t\t\t<div class=\"elementor-element elementor-element-53c2102 elementor-widget elementor-widget-stm_contact_form_7\" data-id=\"53c2102\" data-element_type=\"widget\" data-widget_type=\"stm_contact_form_7.default\">\n\t\t\t\t<div class=\"elementor-widget-container\">\n\t\t\t\n<div class=\"wpcf7 no-js\" id=\"wpcf7-f7399-o1\" lang=\"es-MX\" dir=\"ltr\">\n<div class=\"screen-reader-response\"><p role=\"status\" aria-live=\"polite\" aria-atomic=\"true\"><\/p> <ul><\/ul><\/div>\n<form action=\"\/index.php\/wp-json\/wp\/v2\/pages\/7400#wpcf7-f7399-o1\" method=\"post\" class=\"wpcf7-form init\" aria-label=\"Formulario de contacto\" novalidate=\"novalidate\" data-status=\"init\">\n<div style=\"display: none;\">\n<input type=\"hidden\" name=\"_wpcf7\" value=\"7399\" \/>\n<input type=\"hidden\" name=\"_wpcf7_version\" value=\"5.8.7\" \/>\n<input type=\"hidden\" name=\"_wpcf7_locale\" value=\"es_MX\" \/>\n<input type=\"hidden\" name=\"_wpcf7_unit_tag\" value=\"wpcf7-f7399-o1\" \/>\n<input type=\"hidden\" name=\"_wpcf7_container_post\" value=\"0\" \/>\n<input type=\"hidden\" name=\"_wpcf7_posted_data_hash\" value=\"\" \/>\n<\/div>\n<label> Tu nombre\n    <span class=\"wpcf7-form-control-wrap\" data-name=\"your-name\"><input size=\"40\" class=\"wpcf7-form-control wpcf7-text wpcf7-validates-as-required\" autocomplete=\"name\" aria-required=\"true\" aria-invalid=\"false\" value=\"\" type=\"text\" name=\"your-name\" \/><\/span> <\/label>\n\n<label> Tu correo electr\u00f3nico\n    <span class=\"wpcf7-form-control-wrap\" data-name=\"your-email\"><input size=\"40\" class=\"wpcf7-form-control wpcf7-email wpcf7-validates-as-required wpcf7-text wpcf7-validates-as-email\" autocomplete=\"email\" aria-required=\"true\" aria-invalid=\"false\" value=\"\" type=\"email\" name=\"your-email\" \/><\/span> <\/label>\n\n<input class=\"wpcf7-form-control wpcf7-submit has-spinner\" type=\"submit\" value=\"Enviar\" \/><div class=\"wpcf7-response-output\" aria-hidden=\"true\"><\/div>\n<\/form>\n<\/div>\n\t\t\t\t<\/div>\n\t\t\t\t<\/div>\n\t\t\t\t\t<\/div>\n\t\t<\/div>\n\t\t\t\t<div class=\"elementor-column elementor-col-50 elementor-top-column elementor-element elementor-element-428ed6c\" data-id=\"428ed6c\" data-element_type=\"column\">\n\t\t\t<div class=\"elementor-widget-wrap elementor-element-populated\">\n\t\t\t\t\t\t\t\t<div class=\"elementor-element elementor-element-f123607 elementor-widget elementor-widget-image\" data-id=\"f123607\" data-element_type=\"widget\" data-widget_type=\"image.default\">\n\t\t\t\t<div class=\"elementor-widget-container\">\n\t\t\t<style>\/*! elementor - v3.16.0 - 14-09-2023 *\/\n.elementor-widget-image{text-align:center}.elementor-widget-image a{display:inline-block}.elementor-widget-image a img[src$=\".svg\"]{width:48px}.elementor-widget-image img{vertical-align:middle;display:inline-block}<\/style>\t\t\t\t\t\t\t\t\t\t\t\t<img loading=\"lazy\" decoding=\"async\" width=\"233\" height=\"300\" src=\"https:\/\/goon.com.mx\/wp-content\/uploads\/2023\/08\/GOON_Brochure-233x300.png\" class=\"attachment-medium size-medium wp-image-7405\" alt=\"\" srcset=\"https:\/\/goon.com.mx\/wp-content\/uploads\/2023\/08\/GOON_Brochure-233x300.png 233w, https:\/\/goon.com.mx\/wp-content\/uploads\/2023\/08\/GOON_Brochure-600x773.png 600w, https:\/\/goon.com.mx\/wp-content\/uploads\/2023\/08\/GOON_Brochure.png 729w\" sizes=\"auto, (max-width: 233px) 100vw, 233px\" \/>\t\t\t\t\t\t\t\t\t\t\t\t\t\t\t<\/div>\n\t\t\t\t<\/div>\n\t\t\t\t\t<\/div>\n\t\t<\/div>\n\t\t\t\t\t\t\t<\/div>\n\t\t<\/section>\n\t\t\t\t\t\t\t<\/div>\n\t\t","protected":false},"excerpt":{"rendered":"<p>Gracias por tu inter\u00e9s en descargar nuestro folleto. Por favor ay\u00fadanos proporcion\u00e1ndonos tus datos e inmediatamente despu\u00e9s comenzar\u00e1 la descarga. Tu nombre Tu correo electr\u00f3nico<\/p>\n","protected":false},"author":1,"featured_media":0,"parent":0,"menu_order":0,"comment_status":"closed","ping_status":"closed","template":"","meta":{"footnotes":""},"class_list":["post-7400","page","type-page","status-publish","hentry"],"yoast_head":"<!-- This site is optimized with the Yoast SEO plugin v22.1 - https:\/\/yoast.com\/wordpress\/plugins\/seo\/ -->\n<title>Descarga de nuestro brochure de ERP - GO-ON<\/title>\n<meta name=\"robots\" content=\"index, follow, max-snippet:-1, max-image-preview:large, max-video-preview:-1\" \/>\n<link rel=\"canonical\" href=\"https:\/\/goon.com.mx\/index.php\/brochure-erp\/\" \/>\n<meta property=\"og:locale\" content=\"es_MX\" \/>\n<meta property=\"og:type\" content=\"article\" \/>\n<meta property=\"og:title\" content=\"Descarga de nuestro brochure de ERP - GO-ON\" \/>\n<meta property=\"og:description\" content=\"Gracias por tu inter\u00e9s en descargar nuestro folleto. Por favor ay\u00fadanos proporcion\u00e1ndonos tus datos e inmediatamente despu\u00e9s comenzar\u00e1 la descarga. Tu nombre Tu correo electr\u00f3nico\" \/>\n<meta property=\"og:url\" content=\"https:\/\/goon.com.mx\/index.php\/brochure-erp\/\" \/>\n<meta property=\"og:site_name\" content=\"GO-ON\" \/>\n<meta property=\"article:publisher\" content=\"https:\/\/www.facebook.com\/profile.php?id=61553993902053\" \/>\n<meta property=\"article:modified_time\" content=\"2023-08-28T21:26:43+00:00\" \/>\n<meta property=\"og:image\" content=\"https:\/\/goon.com.mx\/wp-content\/uploads\/2023\/08\/GOON_Brochure-233x300.png\" \/>\n<meta name=\"twitter:card\" content=\"summary_large_image\" \/>\n<script type=\"application\/ld+json\" class=\"yoast-schema-graph\">{\"@context\":\"https:\/\/schema.org\",\"@graph\":[{\"@type\":\"WebPage\",\"@id\":\"https:\/\/goon.com.mx\/index.php\/brochure-erp\/\",\"url\":\"https:\/\/goon.com.mx\/index.php\/brochure-erp\/\",\"name\":\"Descarga de nuestro brochure de ERP - GO-ON\",\"isPartOf\":{\"@id\":\"https:\/\/goon.com.mx\/#website\"},\"datePublished\":\"2023-08-28T20:48:27+00:00\",\"dateModified\":\"2023-08-28T21:26:43+00:00\",\"breadcrumb\":{\"@id\":\"https:\/\/goon.com.mx\/index.php\/brochure-erp\/#breadcrumb\"},\"inLanguage\":\"es\",\"potentialAction\":[{\"@type\":\"ReadAction\",\"target\":[\"https:\/\/goon.com.mx\/index.php\/brochure-erp\/\"]}]},{\"@type\":\"BreadcrumbList\",\"@id\":\"https:\/\/goon.com.mx\/index.php\/brochure-erp\/#breadcrumb\",\"itemListElement\":[{\"@type\":\"ListItem\",\"position\":1,\"name\":\"Inicio\",\"item\":\"https:\/\/goon.com.mx\/\"},{\"@type\":\"ListItem\",\"position\":2,\"name\":\"Descarga de nuestro brochure de ERP\"}]},{\"@type\":\"WebSite\",\"@id\":\"https:\/\/goon.com.mx\/#website\",\"url\":\"https:\/\/goon.com.mx\/\",\"name\":\"GO-ON\",\"description\":\"ERP y tecnolog\u00eda al alcance de todos\",\"publisher\":{\"@id\":\"https:\/\/goon.com.mx\/#organization\"},\"alternateName\":\"GO-ON\",\"potentialAction\":[{\"@type\":\"SearchAction\",\"target\":{\"@type\":\"EntryPoint\",\"urlTemplate\":\"https:\/\/goon.com.mx\/?s={search_term_string}\"},\"query-input\":\"required name=search_term_string\"}],\"inLanguage\":\"es\"},{\"@type\":\"Organization\",\"@id\":\"https:\/\/goon.com.mx\/#organization\",\"name\":\"GO-ON Soluciones\",\"alternateName\":\"GO-ON\",\"url\":\"https:\/\/goon.com.mx\/\",\"logo\":{\"@type\":\"ImageObject\",\"inLanguage\":\"es\",\"@id\":\"https:\/\/goon.com.mx\/#\/schema\/logo\/image\/\",\"url\":\"\",\"contentUrl\":\"\",\"caption\":\"GO-ON Soluciones\"},\"image\":{\"@id\":\"https:\/\/goon.com.mx\/#\/schema\/logo\/image\/\"},\"sameAs\":[\"https:\/\/www.facebook.com\/profile.php?id=61553993902053\",\"https:\/\/www.linkedin.com\/company\/90404358\/admin\/feed\/posts\/\"]}]}<\/script>\n<!-- \/ Yoast SEO plugin. -->","yoast_head_json":{"title":"Descarga de nuestro brochure de ERP - GO-ON","robots":{"index":"index","follow":"follow","max-snippet":"max-snippet:-1","max-image-preview":"max-image-preview:large","max-video-preview":"max-video-preview:-1"},"canonical":"https:\/\/goon.com.mx\/index.php\/brochure-erp\/","og_locale":"es_MX","og_type":"article","og_title":"Descarga de nuestro brochure de ERP - GO-ON","og_description":"Gracias por tu inter\u00e9s en descargar nuestro folleto. Por favor ay\u00fadanos proporcion\u00e1ndonos tus datos e inmediatamente despu\u00e9s comenzar\u00e1 la descarga. Tu nombre Tu correo electr\u00f3nico","og_url":"https:\/\/goon.com.mx\/index.php\/brochure-erp\/","og_site_name":"GO-ON","article_publisher":"https:\/\/www.facebook.com\/profile.php?id=61553993902053","article_modified_time":"2023-08-28T21:26:43+00:00","og_image":[{"url":"https:\/\/goon.com.mx\/wp-content\/uploads\/2023\/08\/GOON_Brochure-233x300.png"}],"twitter_card":"summary_large_image","schema":{"@context":"https:\/\/schema.org","@graph":[{"@type":"WebPage","@id":"https:\/\/goon.com.mx\/index.php\/brochure-erp\/","url":"https:\/\/goon.com.mx\/index.php\/brochure-erp\/","name":"Descarga de nuestro brochure de ERP - GO-ON","isPartOf":{"@id":"https:\/\/goon.com.mx\/#website"},"datePublished":"2023-08-28T20:48:27+00:00","dateModified":"2023-08-28T21:26:43+00:00","breadcrumb":{"@id":"https:\/\/goon.com.mx\/index.php\/brochure-erp\/#breadcrumb"},"inLanguage":"es","potentialAction":[{"@type":"ReadAction","target":["https:\/\/goon.com.mx\/index.php\/brochure-erp\/"]}]},{"@type":"BreadcrumbList","@id":"https:\/\/goon.com.mx\/index.php\/brochure-erp\/#breadcrumb","itemListElement":[{"@type":"ListItem","position":1,"name":"Inicio","item":"https:\/\/goon.com.mx\/"},{"@type":"ListItem","position":2,"name":"Descarga de nuestro brochure de ERP"}]},{"@type":"WebSite","@id":"https:\/\/goon.com.mx\/#website","url":"https:\/\/goon.com.mx\/","name":"GO-ON","description":"ERP y tecnolog\u00eda al alcance de todos","publisher":{"@id":"https:\/\/goon.com.mx\/#organization"},"alternateName":"GO-ON","potentialAction":[{"@type":"SearchAction","target":{"@type":"EntryPoint","urlTemplate":"https:\/\/goon.com.mx\/?s={search_term_string}"},"query-input":"required name=search_term_string"}],"inLanguage":"es"},{"@type":"Organization","@id":"https:\/\/goon.com.mx\/#organization","name":"GO-ON Soluciones","alternateName":"GO-ON","url":"https:\/\/goon.com.mx\/","logo":{"@type":"ImageObject","inLanguage":"es","@id":"https:\/\/goon.com.mx\/#\/schema\/logo\/image\/","url":"","contentUrl":"","caption":"GO-ON Soluciones"},"image":{"@id":"https:\/\/goon.com.mx\/#\/schema\/logo\/image\/"},"sameAs":["https:\/\/www.facebook.com\/profile.php?id=61553993902053","https:\/\/www.linkedin.com\/company\/90404358\/admin\/feed\/posts\/"]}]}},"_links":{"self":[{"href":"https:\/\/goon.com.mx\/index.php\/wp-json\/wp\/v2\/pages\/7400","targetHints":{"allow":["GET"]}}],"collection":[{"href":"https:\/\/goon.com.mx\/index.php\/wp-json\/wp\/v2\/pages"}],"about":[{"href":"https:\/\/goon.com.mx\/index.php\/wp-json\/wp\/v2\/types\/page"}],"author":[{"embeddable":true,"href":"https:\/\/goon.com.mx\/index.php\/wp-json\/wp\/v2\/users\/1"}],"replies":[{"embeddable":true,"href":"https:\/\/goon.com.mx\/index.php\/wp-json\/wp\/v2\/comments?post=7400"}],"version-history":[{"count":19,"href":"https:\/\/goon.com.mx\/index.php\/wp-json\/wp\/v2\/pages\/7400\/revisions"}],"predecessor-version":[{"id":7428,"href":"https:\/\/goon.com.mx\/index.php\/wp-json\/wp\/v2\/pages\/7400\/revisions\/7428"}],"wp:attachment":[{"href":"https:\/\/goon.com.mx\/index.php\/wp-json\/wp\/v2\/media?parent=7400"}],"curies":[{"name":"wp","href":"https:\/\/api.w.org\/{rel}","templated":true}]}}