{"id":1529,"date":"2017-02-09T14:04:48","date_gmt":"2017-02-09T14:04:48","guid":{"rendered":"http:\/\/consult.loc\/?page_id=1476"},"modified":"2023-08-29T06:00:49","modified_gmt":"2023-08-29T06:00:49","slug":"contact-two","status":"publish","type":"page","link":"https:\/\/goon.com.mx\/index.php\/contact-two\/","title":{"rendered":"Hoja de Contacto"},"content":{"rendered":"\t\t<div data-elementor-type=\"wp-page\" data-elementor-id=\"1529\" class=\"elementor elementor-1529\">\n\t\t\t\t\t\t\t\t\t<section class=\"elementor-section elementor-top-section elementor-element elementor-element-c52b3fa elementor-section-boxed elementor-section-height-default elementor-section-height-default\" data-id=\"c52b3fa\" data-element_type=\"section\">\n\t\t\t\t\t\t<div class=\"elementor-container elementor-column-gap-default\">\n\t\t\t\t\t<div class=\"elementor-column elementor-col-100 elementor-top-column elementor-element elementor-element-43e4e43\" data-id=\"43e4e43\" data-element_type=\"column\">\n\t\t\t<div class=\"elementor-widget-wrap elementor-element-populated\">\n\t\t\t\t\t\t\t\t<div class=\"elementor-element elementor-element-3774205 elementor-widget elementor-widget-vc_custom_heading\" data-id=\"3774205\" data-element_type=\"widget\" data-widget_type=\"vc_custom_heading.default\">\n\t\t\t\t<div class=\"elementor-widget-container\">\n\t\t\t<div class=\" vc_custom_heading  consulting_heading_font  text_align_left\" ><h2 style=\"text-align: left\" class=\"consulting-custom-title\">Contacto\n<\/h2><\/div>\t\t<\/div>\n\t\t\t\t<\/div>\n\t\t\t\t\t<\/div>\n\t\t<\/div>\n\t\t\t\t\t\t\t<\/div>\n\t\t<\/section>\n\t\t\t\t<section class=\"elementor-section elementor-top-section elementor-element elementor-element-dc3db48 elementor-section-boxed elementor-section-height-default elementor-section-height-default\" data-id=\"dc3db48\" data-element_type=\"section\" data-settings=\"{&quot;background_background&quot;:&quot;classic&quot;}\">\n\t\t\t\t\t\t<div class=\"elementor-container elementor-column-gap-default\">\n\t\t\t\t\t<div class=\"elementor-column elementor-col-33 elementor-top-column elementor-element elementor-element-dc3e336\" data-id=\"dc3e336\" data-element_type=\"column\" data-settings=\"{&quot;background_background&quot;:&quot;classic&quot;}\">\n\t\t\t<div class=\"elementor-widget-wrap elementor-element-populated\">\n\t\t\t\t\t\t\t\t<div class=\"elementor-element elementor-element-dc3e78f elementor-widget elementor-widget-text-editor\" data-id=\"dc3e78f\" data-element_type=\"widget\" data-widget_type=\"text-editor.default\">\n\t\t\t\t<div class=\"elementor-widget-container\">\n\t\t\t<style>\/*! elementor - v3.16.0 - 14-09-2023 *\/\n.elementor-widget-text-editor.elementor-drop-cap-view-stacked .elementor-drop-cap{background-color:#69727d;color:#fff}.elementor-widget-text-editor.elementor-drop-cap-view-framed .elementor-drop-cap{color:#69727d;border:3px solid;background-color:transparent}.elementor-widget-text-editor:not(.elementor-drop-cap-view-default) .elementor-drop-cap{margin-top:8px}.elementor-widget-text-editor:not(.elementor-drop-cap-view-default) .elementor-drop-cap-letter{width:1em;height:1em}.elementor-widget-text-editor .elementor-drop-cap{float:left;text-align:center;line-height:1;font-size:50px}.elementor-widget-text-editor .elementor-drop-cap-letter{display:inline-block}<\/style>\t\t\t\t<p><span style=\"color: #444444; font-size: 16px; letter-spacing: -0.4px;\">Por favor ay\u00fadanos a saber si tienes cualquier comentario o inquietud y con mucho gusto nos pondremos en contacto contigo.<\/span><\/p>\n\t\t\t\t\t\t<\/div>\n\t\t\t\t<\/div>\n\t\t\t\t<div class=\"elementor-element elementor-element-dc3ea12 elementor-widget elementor-widget-stm_contacts_widget\" data-id=\"dc3ea12\" data-element_type=\"widget\" data-widget_type=\"stm_contacts_widget.default\">\n\t\t\t\t<div class=\"elementor-widget-container\">\n\t\t\t\n<div class=\"stm_contacts_widget consulting_elementor_contacts_widget style_4 \">\n    \n            <h4 class=\"no_stripe\">Contact details<\/h4>\n    \n    \n        <ul>\n                            <li>\n                    <div class=\"icon\"><i class=\"fa fa-map-marker\"><\/i><\/div>\n                    <div class=\"text\">Av. Prolongaci\u00f3n Paseo de la Reforma 61, Paseo de las Lomas. CP 01330<\/div>\n                <\/li>\n                                        <li>\n                    <div class=\"icon\"><i class=\"fa fa-phone\"><\/i><\/div>\n                    <div class=\"text\">\n                        +52 557837 3467                                            <\/div>\n                <\/li>\n                                                    <li>\n                    <div class=\"icon\"><i class=\"fa fa-envelope\"><\/i><\/div>\n                    <div class=\"text\"><a href=\"mailto:v&#101;&#110;&#116;a&#115;&#64;&#103;oo&#110;e&#114;p.c&#111;&#109;&#46;&#109;&#120;\">&#118;e&#110;&#116;&#97;&#115;&#64;g&#111;&#111;n&#101;&#114;p.&#99;&#111;&#109;.&#109;&#120;<\/a><\/div>\n                <\/li>\n                                <\/ul>\n                    <ul class=\"socials\">\n                                    <li><a href=\"#\" target=\"_blank\" class=\"social-facebook\"><i class=\"fa fa-facebook\"><\/i><\/a><\/li>\n                                                    <li><a href=\"#\" target=\"_blank\" class=\"social-twitter\"><i class=\"fa fa-twitter\"><\/i><\/a><\/li>\n                                                    <li><a href=\"#\" target=\"_blank\" class=\"social-linkedin\"><i class=\"fa fa-linkedin\"><\/i><\/a><\/li>\n                                                    <li><a href=\"#\" target=\"_blank\" class=\"social-google-plus\"><i class=\"fa fa-google-plus\"><\/i><\/a><\/li>\n                                                    <li><a href=\"skype:#\" class=\"social-skype\"><i class=\"fa fa-skype\"><\/i><\/a><\/li>\n                            <\/ul>\n        \n    \n<\/div>\t\t<\/div>\n\t\t\t\t<\/div>\n\t\t\t\t\t<\/div>\n\t\t<\/div>\n\t\t\t\t<div class=\"elementor-column elementor-col-33 elementor-top-column elementor-element elementor-element-03b7821\" data-id=\"03b7821\" data-element_type=\"column\">\n\t\t\t<div class=\"elementor-widget-wrap\">\n\t\t\t\t\t\t\t\t\t<\/div>\n\t\t<\/div>\n\t\t\t\t<div class=\"elementor-column elementor-col-33 elementor-top-column elementor-element elementor-element-dc3ec1a\" data-id=\"dc3ec1a\" data-element_type=\"column\" data-settings=\"{&quot;background_background&quot;:&quot;classic&quot;}\">\n\t\t\t<div class=\"elementor-widget-wrap elementor-element-populated\">\n\t\t\t\t\t\t\t\t<div class=\"elementor-element elementor-element-dc3f1f0 elementor-widget elementor-widget-stm_contact_form_7\" data-id=\"dc3f1f0\" data-element_type=\"widget\" data-widget_type=\"stm_contact_form_7.default\">\n\t\t\t\t<div class=\"elementor-widget-container\">\n\t\t\t\n<div class=\"wpcf7 no-js\" id=\"wpcf7-f1474-o1\" lang=\"en-US\" dir=\"ltr\">\n<div class=\"screen-reader-response\"><p role=\"status\" aria-live=\"polite\" aria-atomic=\"true\"><\/p> <ul><\/ul><\/div>\n<form action=\"\/index.php\/wp-json\/wp\/v2\/pages\/1529#wpcf7-f1474-o1\" method=\"post\" class=\"wpcf7-form init\" aria-label=\"Contact form\" novalidate=\"novalidate\" data-status=\"init\">\n<div style=\"display: none;\">\n<input type=\"hidden\" name=\"_wpcf7\" value=\"1474\" \/>\n<input type=\"hidden\" name=\"_wpcf7_version\" value=\"5.8.7\" \/>\n<input type=\"hidden\" name=\"_wpcf7_locale\" value=\"en_US\" \/>\n<input type=\"hidden\" name=\"_wpcf7_unit_tag\" value=\"wpcf7-f1474-o1\" \/>\n<input type=\"hidden\" name=\"_wpcf7_container_post\" value=\"0\" \/>\n<input type=\"hidden\" name=\"_wpcf7_posted_data_hash\" value=\"\" \/>\n<\/div>\n<div class=\"request_callback\">\n    <div class=\"row\">\n        <div class=\"col-lg-6 col-md-6 col-sm-6 col-xs-12\">\n            <div class=\"input-group\">\n                <span class=\"wpcf7-form-control-wrap\" data-name=\"text-name\"><input size=\"40\" class=\"wpcf7-form-control wpcf7-text wpcf7-validates-as-required\" aria-required=\"true\" aria-invalid=\"false\" placeholder=\"Nombre *\" value=\"\" type=\"text\" name=\"text-name\" \/><\/span>\n            <\/div>\n            <div class=\"input-group\">\n                <span class=\"wpcf7-form-control-wrap\" data-name=\"title\"><input size=\"40\" class=\"wpcf7-form-control wpcf7-text\" aria-invalid=\"false\" placeholder=\"Cargo\" value=\"\" type=\"text\" name=\"title\" \/><\/span>\n            <\/div>\n            <div class=\"input-group\">\n                <span class=\"wpcf7-form-control-wrap\" data-name=\"company\"><input size=\"40\" class=\"wpcf7-form-control wpcf7-text\" aria-invalid=\"false\" placeholder=\"Compa\u00f1\u00eda\" value=\"\" type=\"text\" name=\"company\" \/><\/span>\n            <\/div>\n            <div class=\"input-group\">\n                <span class=\"wpcf7-form-control-wrap\" data-name=\"email\"><input size=\"40\" class=\"wpcf7-form-control wpcf7-email wpcf7-validates-as-required wpcf7-text wpcf7-validates-as-email\" aria-required=\"true\" aria-invalid=\"false\" placeholder=\"E-mail *\" value=\"\" type=\"email\" name=\"email\" \/><\/span>\n            <\/div>\n            <div class=\"input-group\">\n                <span class=\"wpcf7-form-control-wrap\" data-name=\"menu-774\"><select class=\"wpcf7-form-control wpcf7-select wpcf7-validates-as-required\" aria-required=\"true\" aria-invalid=\"false\" name=\"menu-774\"><option value=\"\">Motivo de Contacto *<\/option><option value=\"Solicitud de Informaci\u00f3n\">Solicitud de Informaci\u00f3n<\/option><option value=\"Comentario\">Comentario<\/option><option value=\"Otro\">Otro<\/option><\/select><\/span>\n            <\/div>\n        <\/div>\n        <div class=\"col-lg-6 col-md-6 col-sm-6 col-xs-12\">\n            <div class=\"input-group\">\n                <span class=\"wpcf7-form-control-wrap\" data-name=\"menu-363\"><select class=\"wpcf7-form-control wpcf7-select wpcf7-validates-as-required\" aria-required=\"true\" aria-invalid=\"false\" name=\"menu-363\"><option value=\"\">\u00c1rea de Inter\u00e9s *<\/option><option value=\"ERP\">ERP<\/option><option value=\"Solicitud de Servicios\">Solicitud de Servicios<\/option><option value=\"Soporte\">Soporte<\/option><option value=\"Centro de Entretenimiento\">Centro de Entretenimiento<\/option><option value=\"Operadora de Estacionamientos\">Operadora de Estacionamientos<\/option><option value=\"Expediente Cl\u00ednico\">Expediente Cl\u00ednico<\/option><\/select><\/span>\n            <\/div>\n            <div class=\"input-group\">\n                <span class=\"wpcf7-form-control-wrap\" data-name=\"subject\"><input size=\"40\" class=\"wpcf7-form-control wpcf7-text wpcf7-validates-as-required\" aria-required=\"true\" aria-invalid=\"false\" placeholder=\"Asunto *\" value=\"\" type=\"text\" name=\"subject\" \/><\/span>\n            <\/div>\n            <div class=\"input-group\">\n                <span class=\"wpcf7-form-control-wrap\" data-name=\"message\"><textarea cols=\"40\" rows=\"10\" class=\"wpcf7-form-control wpcf7-textarea wpcf7-validates-as-required\" aria-required=\"true\" aria-invalid=\"false\" placeholder=\"Tu Mensaje *\" name=\"message\"><\/textarea><\/span>\n            <\/div>\n            <div class=\"input-group\">\n                <button type=\"submit\" class=\"button size-lg icon_right\">enviar <i class=\"fa fa-chevron-right\"><\/i><\/button>\n            <\/div>\n        <\/div>\n    <\/div>\n<\/div><div class=\"wpcf7-response-output\" aria-hidden=\"true\"><\/div>\n<\/form>\n<\/div>\n\t\t\t\t<\/div>\n\t\t\t\t<\/div>\n\t\t\t\t\t<\/div>\n\t\t<\/div>\n\t\t\t\t\t\t\t<\/div>\n\t\t<\/section>\n\t\t\t\t<section class=\"elementor-section elementor-top-section elementor-element elementor-element-dc3f294 elementor-section-full_width elementor-section-height-default elementor-section-height-default\" data-id=\"dc3f294\" data-element_type=\"section\" data-settings=\"{&quot;background_background&quot;:&quot;classic&quot;}\">\n\t\t\t\t\t\t<div class=\"elementor-container elementor-column-gap-no\">\n\t\t\t\t\t<div class=\"elementor-column elementor-col-100 elementor-top-column elementor-element elementor-element-dc3f789\" data-id=\"dc3f789\" data-element_type=\"column\">\n\t\t\t<div class=\"elementor-widget-wrap elementor-element-populated\">\n\t\t\t\t\t\t\t\t<div class=\"elementor-element elementor-element-dc3fb36 elementor-widget elementor-widget-google_maps\" data-id=\"dc3fb36\" data-element_type=\"widget\" data-widget_type=\"google_maps.default\">\n\t\t\t\t<div class=\"elementor-widget-container\">\n\t\t\t<style>\/*! elementor - v3.16.0 - 14-09-2023 *\/\n.elementor-widget-google_maps .elementor-widget-container{overflow:hidden}.elementor-widget-google_maps .elementor-custom-embed{line-height:0}.elementor-widget-google_maps iframe{height:300px}<\/style>\t\t<div class=\"elementor-custom-embed\">\n\t\t\t<iframe loading=\"lazy\"\n\t\t\t\t\tsrc=\"https:\/\/maps.google.com\/maps?q=Prol.%20P.%C2%BA%20de%20la%20Reforma%2061%2C%20Santa%20Fe%2C%20Paseo%20de%20las%20Lomas%2C%20Cuajimalpa%20de%20Morelos%2C%2001330%20Ciudad%20de%20M%C3%A9xico%2C%20CDMX&#038;t=m&#038;z=10&#038;output=embed&#038;iwloc=near\"\n\t\t\t\t\ttitle=\"Prol. P.\u00ba de la Reforma 61, Santa Fe, Paseo de las Lomas, Cuajimalpa de Morelos, 01330 Ciudad de M\u00e9xico, CDMX\"\n\t\t\t\t\taria-label=\"Prol. P.\u00ba de la Reforma 61, Santa Fe, Paseo de las Lomas, Cuajimalpa de Morelos, 01330 Ciudad de M\u00e9xico, CDMX\"\n\t\t\t><\/iframe>\n\t\t<\/div>\n\t\t\t\t<\/div>\n\t\t\t\t<\/div>\n\t\t\t\t\t<\/div>\n\t\t<\/div>\n\t\t\t\t\t\t\t<\/div>\n\t\t<\/section>\n\t\t\t\t<section class=\"elementor-section elementor-top-section elementor-element elementor-element-54651f1 elementor-section-boxed elementor-section-height-default elementor-section-height-default\" data-id=\"54651f1\" data-element_type=\"section\">\n\t\t\t\t\t\t<div class=\"elementor-container elementor-column-gap-default\">\n\t\t\t\t\t<div class=\"elementor-column elementor-col-100 elementor-top-column elementor-element elementor-element-1e68ad9\" data-id=\"1e68ad9\" data-element_type=\"column\">\n\t\t\t<div class=\"elementor-widget-wrap\">\n\t\t\t\t\t\t\t\t\t<\/div>\n\t\t<\/div>\n\t\t\t\t\t\t\t<\/div>\n\t\t<\/section>\n\t\t\t\t\t\t\t<\/div>\n\t\t","protected":false},"excerpt":{"rendered":"<p>Contacto Por favor ay\u00fadanos a saber si tienes cualquier comentario o inquietud y con mucho gusto nos pondremos en contacto contigo. Contact details Av. Prolongaci\u00f3n Paseo de la Reforma 61, Paseo de las Lomas. CP 01330 +52 557837 3467 ve&#110;t&#97;&#115;&#64;&#103;&#111;&#111;&#110;&#101;r&#112;&#46;&#99;o&#109;.mx Motivo de Contacto *Solicitud de Informaci\u00f3nComentarioOtro \u00c1rea de Inter\u00e9s *ERPSolicitud de ServiciosSoporteCentro de EntretenimientoOperadora de<\/p>\n","protected":false},"author":1,"featured_media":0,"parent":0,"menu_order":0,"comment_status":"closed","ping_status":"closed","template":"","meta":{"footnotes":""},"class_list":["post-1529","page","type-page","status-publish","hentry"],"yoast_head":"<!-- This site is optimized with the Yoast SEO plugin v22.1 - https:\/\/yoast.com\/wordpress\/plugins\/seo\/ -->\n<title>Hoja de Contacto - GO-ON<\/title>\n<meta name=\"robots\" content=\"index, follow, max-snippet:-1, max-image-preview:large, max-video-preview:-1\" \/>\n<link rel=\"canonical\" href=\"https:\/\/goon.com.mx\/index.php\/contact-two\/\" \/>\n<meta property=\"og:locale\" content=\"es_MX\" \/>\n<meta property=\"og:type\" content=\"article\" \/>\n<meta property=\"og:title\" content=\"Hoja de Contacto - GO-ON\" \/>\n<meta property=\"og:description\" content=\"Contacto Por favor ay\u00fadanos a saber si tienes cualquier comentario o inquietud y con mucho gusto nos pondremos en contacto contigo. Contact details Av. Prolongaci\u00f3n Paseo de la Reforma 61, Paseo de las Lomas. CP 01330 +52 557837 3467 ve&#110;t&#097;&#115;&#064;&#103;&#111;&#111;&#110;&#101;r&#112;&#046;&#099;o&#109;.mx Motivo de Contacto *Solicitud de Informaci\u00f3nComentarioOtro \u00c1rea de Inter\u00e9s *ERPSolicitud de ServiciosSoporteCentro de EntretenimientoOperadora de\" \/>\n<meta property=\"og:url\" content=\"https:\/\/goon.com.mx\/index.php\/contact-two\/\" \/>\n<meta property=\"og:site_name\" content=\"GO-ON\" \/>\n<meta property=\"article:publisher\" content=\"https:\/\/www.facebook.com\/profile.php?id=61553993902053\" \/>\n<meta property=\"article:modified_time\" content=\"2023-08-29T06:00:49+00:00\" \/>\n<meta name=\"twitter:card\" content=\"summary_large_image\" \/>\n<script type=\"application\/ld+json\" class=\"yoast-schema-graph\">{\"@context\":\"https:\/\/schema.org\",\"@graph\":[{\"@type\":\"WebPage\",\"@id\":\"https:\/\/goon.com.mx\/index.php\/contact-two\/\",\"url\":\"https:\/\/goon.com.mx\/index.php\/contact-two\/\",\"name\":\"Hoja de Contacto - GO-ON\",\"isPartOf\":{\"@id\":\"https:\/\/goon.com.mx\/#website\"},\"datePublished\":\"2017-02-09T14:04:48+00:00\",\"dateModified\":\"2023-08-29T06:00:49+00:00\",\"breadcrumb\":{\"@id\":\"https:\/\/goon.com.mx\/index.php\/contact-two\/#breadcrumb\"},\"inLanguage\":\"es\",\"potentialAction\":[{\"@type\":\"ReadAction\",\"target\":[\"https:\/\/goon.com.mx\/index.php\/contact-two\/\"]}]},{\"@type\":\"BreadcrumbList\",\"@id\":\"https:\/\/goon.com.mx\/index.php\/contact-two\/#breadcrumb\",\"itemListElement\":[{\"@type\":\"ListItem\",\"position\":1,\"name\":\"Inicio\",\"item\":\"https:\/\/goon.com.mx\/\"},{\"@type\":\"ListItem\",\"position\":2,\"name\":\"Hoja de Contacto\"}]},{\"@type\":\"WebSite\",\"@id\":\"https:\/\/goon.com.mx\/#website\",\"url\":\"https:\/\/goon.com.mx\/\",\"name\":\"GO-ON\",\"description\":\"ERP y tecnolog\u00eda al alcance de todos\",\"publisher\":{\"@id\":\"https:\/\/goon.com.mx\/#organization\"},\"alternateName\":\"GO-ON\",\"potentialAction\":[{\"@type\":\"SearchAction\",\"target\":{\"@type\":\"EntryPoint\",\"urlTemplate\":\"https:\/\/goon.com.mx\/?s={search_term_string}\"},\"query-input\":\"required name=search_term_string\"}],\"inLanguage\":\"es\"},{\"@type\":\"Organization\",\"@id\":\"https:\/\/goon.com.mx\/#organization\",\"name\":\"GO-ON Soluciones\",\"alternateName\":\"GO-ON\",\"url\":\"https:\/\/goon.com.mx\/\",\"logo\":{\"@type\":\"ImageObject\",\"inLanguage\":\"es\",\"@id\":\"https:\/\/goon.com.mx\/#\/schema\/logo\/image\/\",\"url\":\"\",\"contentUrl\":\"\",\"caption\":\"GO-ON Soluciones\"},\"image\":{\"@id\":\"https:\/\/goon.com.mx\/#\/schema\/logo\/image\/\"},\"sameAs\":[\"https:\/\/www.facebook.com\/profile.php?id=61553993902053\",\"https:\/\/www.linkedin.com\/company\/90404358\/admin\/feed\/posts\/\"]}]}<\/script>\n<!-- \/ Yoast SEO plugin. -->","yoast_head_json":{"title":"Hoja de Contacto - GO-ON","robots":{"index":"index","follow":"follow","max-snippet":"max-snippet:-1","max-image-preview":"max-image-preview:large","max-video-preview":"max-video-preview:-1"},"canonical":"https:\/\/goon.com.mx\/index.php\/contact-two\/","og_locale":"es_MX","og_type":"article","og_title":"Hoja de Contacto - GO-ON","og_description":"Contacto Por favor ay\u00fadanos a saber si tienes cualquier comentario o inquietud y con mucho gusto nos pondremos en contacto contigo. Contact details Av. Prolongaci\u00f3n Paseo de la Reforma 61, Paseo de las Lomas. CP 01330 +52 557837 3467 ve&#110;t&#97;&#115;&#64;&#103;&#111;&#111;&#110;&#101;r&#112;&#46;&#99;o&#109;.mx Motivo de Contacto *Solicitud de Informaci\u00f3nComentarioOtro \u00c1rea de Inter\u00e9s *ERPSolicitud de ServiciosSoporteCentro de EntretenimientoOperadora de","og_url":"https:\/\/goon.com.mx\/index.php\/contact-two\/","og_site_name":"GO-ON","article_publisher":"https:\/\/www.facebook.com\/profile.php?id=61553993902053","article_modified_time":"2023-08-29T06:00:49+00:00","twitter_card":"summary_large_image","schema":{"@context":"https:\/\/schema.org","@graph":[{"@type":"WebPage","@id":"https:\/\/goon.com.mx\/index.php\/contact-two\/","url":"https:\/\/goon.com.mx\/index.php\/contact-two\/","name":"Hoja de Contacto - GO-ON","isPartOf":{"@id":"https:\/\/goon.com.mx\/#website"},"datePublished":"2017-02-09T14:04:48+00:00","dateModified":"2023-08-29T06:00:49+00:00","breadcrumb":{"@id":"https:\/\/goon.com.mx\/index.php\/contact-two\/#breadcrumb"},"inLanguage":"es","potentialAction":[{"@type":"ReadAction","target":["https:\/\/goon.com.mx\/index.php\/contact-two\/"]}]},{"@type":"BreadcrumbList","@id":"https:\/\/goon.com.mx\/index.php\/contact-two\/#breadcrumb","itemListElement":[{"@type":"ListItem","position":1,"name":"Inicio","item":"https:\/\/goon.com.mx\/"},{"@type":"ListItem","position":2,"name":"Hoja de Contacto"}]},{"@type":"WebSite","@id":"https:\/\/goon.com.mx\/#website","url":"https:\/\/goon.com.mx\/","name":"GO-ON","description":"ERP y tecnolog\u00eda al alcance de todos","publisher":{"@id":"https:\/\/goon.com.mx\/#organization"},"alternateName":"GO-ON","potentialAction":[{"@type":"SearchAction","target":{"@type":"EntryPoint","urlTemplate":"https:\/\/goon.com.mx\/?s={search_term_string}"},"query-input":"required name=search_term_string"}],"inLanguage":"es"},{"@type":"Organization","@id":"https:\/\/goon.com.mx\/#organization","name":"GO-ON Soluciones","alternateName":"GO-ON","url":"https:\/\/goon.com.mx\/","logo":{"@type":"ImageObject","inLanguage":"es","@id":"https:\/\/goon.com.mx\/#\/schema\/logo\/image\/","url":"","contentUrl":"","caption":"GO-ON Soluciones"},"image":{"@id":"https:\/\/goon.com.mx\/#\/schema\/logo\/image\/"},"sameAs":["https:\/\/www.facebook.com\/profile.php?id=61553993902053","https:\/\/www.linkedin.com\/company\/90404358\/admin\/feed\/posts\/"]}]}},"_links":{"self":[{"href":"https:\/\/goon.com.mx\/index.php\/wp-json\/wp\/v2\/pages\/1529","targetHints":{"allow":["GET"]}}],"collection":[{"href":"https:\/\/goon.com.mx\/index.php\/wp-json\/wp\/v2\/pages"}],"about":[{"href":"https:\/\/goon.com.mx\/index.php\/wp-json\/wp\/v2\/types\/page"}],"author":[{"embeddable":true,"href":"https:\/\/goon.com.mx\/index.php\/wp-json\/wp\/v2\/users\/1"}],"replies":[{"embeddable":true,"href":"https:\/\/goon.com.mx\/index.php\/wp-json\/wp\/v2\/comments?post=1529"}],"version-history":[{"count":17,"href":"https:\/\/goon.com.mx\/index.php\/wp-json\/wp\/v2\/pages\/1529\/revisions"}],"predecessor-version":[{"id":7487,"href":"https:\/\/goon.com.mx\/index.php\/wp-json\/wp\/v2\/pages\/1529\/revisions\/7487"}],"wp:attachment":[{"href":"https:\/\/goon.com.mx\/index.php\/wp-json\/wp\/v2\/media?parent=1529"}],"curies":[{"name":"wp","href":"https:\/\/api.w.org\/{rel}","templated":true}]}}